{"id":20,"date":"2025-02-12T23:40:50","date_gmt":"2025-02-12T22:40:50","guid":{"rendered":"https:\/\/yachttesia.pl\/?page_id=20"},"modified":"2026-04-02T18:04:50","modified_gmt":"2026-04-02T16:04:50","slug":"wyprawa-2025","status":"publish","type":"page","link":"https:\/\/yachttesia.pl\/?page_id=20","title":{"rendered":"Wyprawa 2026"},"content":{"rendered":"\n<pre class=\"wp-block-preformatted has-system-font-font-family has-small-font-size\">ZNOWU P\u0141YNIEMY!<br>Zapraszam na pok\u0142ad s\/y Tesia, prywatnego dobrze wyposa\u017conego jachtu wyprawowego Roberts 44 Offsohore (Bruceo).  Jacht jest nasz, a zarz\u0105dzany jest przez te\u017c \u201enasze\u201d Stowarzyszenie \u201eMorskie Wyprawy\u201d<br>Startujemy z Dar\u0142owa  23 maja 2026. Wymiany za\u0142\u00f3g odb\u0119d\u0105 si\u0119 w: <strong>Amsterdamie<\/strong>, <strong>Brest<\/strong>, <strong>Portsmouth<\/strong>, potem w g\u0142\u0119bi Zatoki Biskajskiej w <strong>Bilbao<\/strong>. Dalej pop\u0142yniemy do <strong>Porto<\/strong> i wzd\u0142u\u017c p\u00f3\u0142wyspu Iberyjskiego a\u017c do <strong>Faro<\/strong> na skraj Portugalii, sk\u0105d rozpocznie si\u0119 powr\u00f3t wzd\u0142u\u017c P\u00f3\u0142wyspu Iberyjskiego i przez Biskaje do<strong> Brestu,  Amsterdamu, Rendsburga<\/strong>. Ostatni etap poprowadzi do <strong>Dar\u0142owa<\/strong>.  Poszczeg\u00f3lne etapy prowadzimy my armatorzy (Rafa\u0142, S\u0142awek i Maciej)  oraz zaufani skipperzy Martyna i Piotr. Na pewno b\u0119dzie ciekawie, wiele b\u0119dzie mo\u017cna si\u0119 nauczy\u0107. <br>S\u0105 w\u015br\u00f3d nas instruktorzy PZ\u017b i RYA a tak\u017ce egzaminatorzy PZ\u017b. Wyprawa jest rejsem szkoleniowo-sta\u017cowym. Podczas niej przekazywane b\u0119d\u0105 elementy wiedzy wymaganej podczas szkolenia na stopnie \u017ceglarskie i egzamin\u00f3w PZ\u017b.  Szczeg\u00f3\u0142y zakresu szkolenia do ustalenia z Kapitanem danego etapu.<br>Wi\u0119kszo\u015b\u0107 etap\u00f3w przebiega na wodach p\u0142ywowych- b\u0119dzie mo\u017cliwo\u015b\u0107 zaliczenia niezb\u0119dnego \u201ekapita\u0144skiego\u201d sta\u017cu. Po rejsie wydane b\u0119d\u0105 opinie z rejsu. Je\u017celi nie by\u0142e\u015b\/by\u0142a\u015b jeszcze na morzu nie b\u00f3j si\u0119, do\u015bwiadczenie morskie nie jest wymagane. Nauczymy Ciebie wszystkiego, podpowiemy co zabra\u0107 na rejs, jak si\u0119 przygotowa\u0107, co przeczyta\u0107 przed rejsem.<br>Jeste\u015b zainteresowany\/zainteresowana pisz, dzwo\u0144. Na niekt\u00f3rych etapach s\u0105 jeszcze wolne koje. <br><strong>KONTAKT:<\/strong><br><strong> kontakt@yachttesia.pl<\/strong><br>Tel <strong>+48502601365<\/strong> lub za pomoc\u0105 Messengera.<br><br>       Zapraszamy te\u017c na nasz profil na FB! Link do niego skacze sobie na ka\u017cdej stronie Tesi ;-) <br><\/pre>\n\n\n\n<div  class=\"tribe-compatibility-container\" >\n\t<div\n\t\t class=\"tribe-common tribe-events tribe-events-view tribe-events-view--widget-events-list tribe-events-widget\" \t\tdata-js=\"tribe-events-view\"\n\t\tdata-view-rest-url=\"https:\/\/yachttesia.pl\/index.php?rest_route=\/tribe\/views\/v2\/html\"\n\t\tdata-view-manage-url=\"1\"\n\t\t\t\t\t\t\tdata-view-breakpoint-pointer=\"4b6fc3e2-5189-4340-bcaa-ca951fb62f20\"\n\t\t\t>\n\t\t<div class=\"tribe-events-widget-events-list\">\n\n\t\t\t\n\t\t\t<script data-js=\"tribe-events-view-data\" type=\"application\/json\">\n\t{\"slug\":\"widget-events-list\",\"prev_url\":\"\",\"next_url\":\"\",\"view_class\":\"Tribe\\\\Events\\\\Views\\\\V2\\\\Views\\\\Widgets\\\\Widget_List_View\",\"view_slug\":\"widget-events-list\",\"view_label\":\"View\",\"view\":null,\"should_manage_url\":true,\"id\":null,\"alias-slugs\":null,\"title\":\"Upcoming Events \\u2013 Jacht Tesia\",\"limit\":\"10\",\"no_upcoming_events\":false,\"featured_events_only\":false,\"jsonld_enable\":true,\"tribe_is_list_widget\":false,\"admin_fields\":{\"title\":{\"label\":\"Title:\",\"type\":\"text\",\"classes\":\"\",\"dependency\":\"\",\"id\":\"widget-tribe-widget-events-list--1-title\",\"name\":\"widget-tribe-widget-events-list[-1][title]\",\"options\":[],\"placeholder\":\"\",\"value\":null},\"limit\":{\"label\":\"Show:\",\"type\":\"number\",\"default\":5,\"min\":1,\"max\":10,\"step\":1,\"classes\":\"\",\"dependency\":\"\",\"id\":\"widget-tribe-widget-events-list--1-limit\",\"name\":\"widget-tribe-widget-events-list[-1][limit]\",\"options\":[],\"placeholder\":\"\",\"value\":null},\"no_upcoming_events\":{\"label\":\"Hide this widget if there are no upcoming events.\",\"type\":\"checkbox\",\"classes\":\"\",\"dependency\":\"\",\"id\":\"widget-tribe-widget-events-list--1-no_upcoming_events\",\"name\":\"widget-tribe-widget-events-list[-1][no_upcoming_events]\",\"options\":[],\"placeholder\":\"\",\"value\":null},\"featured_events_only\":{\"label\":\"Limit to featured events only\",\"type\":\"checkbox\",\"classes\":\"\",\"dependency\":\"\",\"id\":\"widget-tribe-widget-events-list--1-featured_events_only\",\"name\":\"widget-tribe-widget-events-list[-1][featured_events_only]\",\"options\":[],\"placeholder\":\"\",\"value\":null},\"jsonld_enable\":{\"label\":\"Generate JSON-LD data\",\"type\":\"checkbox\",\"classes\":\"\",\"dependency\":\"\",\"id\":\"widget-tribe-widget-events-list--1-jsonld_enable\",\"name\":\"widget-tribe-widget-events-list[-1][jsonld_enable]\",\"options\":[],\"placeholder\":\"\",\"value\":null}},\"events\":[],\"url\":\"https:\\\/\\\/yachttesia.pl\\\/?post_type=tribe_events&eventDisplay=widget-events-list\",\"url_event_date\":false,\"bar\":{\"keyword\":\"\",\"date\":\"\"},\"today\":\"2026-04-19 00:00:00\",\"now\":\"2026-04-19 14:13:00\",\"rest_url\":\"https:\\\/\\\/yachttesia.pl\\\/index.php?rest_route=\\\/tribe\\\/views\\\/v2\\\/html\",\"rest_method\":\"POST\",\"rest_nonce\":\"\",\"today_url\":\"https:\\\/\\\/yachttesia.pl\\\/?post_type=tribe_events&eventDisplay=widget-events-list&rest_route=%2Fwp%2Fv2%2Fpages%2F20\",\"today_title\":\"Click to select today's date\",\"today_label\":\"Today\",\"prev_label\":\"\",\"next_label\":\"\",\"date_formats\":{\"compact\":\"m\\\/d\\\/Y\",\"month_and_year_compact\":\"m\\\/Y\",\"month_and_year\":\"F Y\",\"time_range_separator\":\" - \",\"date_time_separator\":\" @ \"},\"messages\":{\"notice\":[\"There are no upcoming events.\"]},\"start_of_week\":\"1\",\"header_title\":\"\",\"header_title_element\":\"h1\",\"content_title\":\"\",\"breadcrumbs\":[],\"before_events\":\"\",\"after_events\":\"\\n<!--\\nThis calendar is powered by The Events Calendar.\\nhttp:\\\/\\\/evnt.is\\\/18wn\\n-->\\n\",\"display_events_bar\":false,\"disable_event_search\":false,\"live_refresh\":true,\"ical\":{\"display_link\":true,\"link\":{\"url\":\"https:\\\/\\\/yachttesia.pl\\\/?post_type=tribe_events&#038;eventDisplay=widget-events-list&#038;ical=1\",\"text\":\"Export Events\",\"title\":\"Use this to share calendar data with Google Calendar, Apple iCal and other compatible apps\"}},\"container_classes\":[\"tribe-common\",\"tribe-events\",\"tribe-events-view\",\"tribe-events-view--widget-events-list\",\"tribe-events-widget\"],\"container_data\":[],\"is_past\":false,\"breakpoints\":{\"xsmall\":500,\"medium\":768,\"full\":960},\"breakpoint_pointer\":\"4b6fc3e2-5189-4340-bcaa-ca951fb62f20\",\"is_initial_load\":false,\"public_views\":{\"list\":{\"view_class\":\"Tribe\\\\Events\\\\Views\\\\V2\\\\Views\\\\List_View\",\"view_url\":\"https:\\\/\\\/yachttesia.pl\\\/?post_type=tribe_events&eventDisplay=list\",\"view_label\":\"List\"},\"month\":{\"view_class\":\"Tribe\\\\Events\\\\Views\\\\V2\\\\Views\\\\Month_View\",\"view_url\":\"https:\\\/\\\/yachttesia.pl\\\/?post_type=tribe_events&eventDisplay=month\",\"view_label\":\"Month\"}},\"show_latest_past\":false,\"past\":false,\"compatibility_classes\":[\"tribe-compatibility-container\"],\"view_more_text\":\"View Calendar\",\"view_more_title\":\"View more events.\",\"view_more_link\":\"https:\\\/\\\/yachttesia.pl\",\"widget_title\":\"Rejs Etapowy\",\"hide_if_no_upcoming_events\":false,\"display\":[],\"subscribe_links\":{\"gcal\":{\"label\":\"Google Calendar\",\"single_label\":\"Add to Google Calendar\",\"visible\":true,\"block_slug\":\"hasGoogleCalendar\"},\"ical\":{\"label\":\"iCalendar\",\"single_label\":\"Add to iCalendar\",\"visible\":true,\"block_slug\":\"hasiCal\"},\"outlook-365\":{\"label\":\"Outlook 365\",\"single_label\":\"Outlook 365\",\"visible\":true,\"block_slug\":\"hasOutlook365\"},\"outlook-live\":{\"label\":\"Outlook Live\",\"single_label\":\"Outlook Live\",\"visible\":true,\"block_slug\":\"hasOutlookLive\"},\"ics\":{\"label\":\"Export .ics file\",\"single_label\":\"Export .ics file\",\"visible\":true,\"block_slug\":null},\"outlook-ics\":{\"label\":\"Export Outlook .ics file\",\"single_label\":\"Export Outlook .ics file\",\"visible\":true,\"block_slug\":null}},\"_context\":{\"slug\":\"widget-events-list\"}}<\/script>\n\n\t\t\t\t\t\t\t<header class=\"tribe-events-widget-events-list__header\">\n\t\t\t\t\t<h2 class=\"tribe-events-widget-events-list__header-title tribe-common-h6 tribe-common-h--alt\">\n\t\t\t\t\t\tRejs Etapowy\t\t\t\t\t<\/h2>\n\t\t\t\t<\/header>\n\t\t\t\n\t\t\t\n\t\t\t\t<div  class=\"tribe-events-header__messages tribe-events-c-messages tribe-common-b2\"  >\n\t\t\t<div class=\"tribe-events-c-messages__message tribe-events-c-messages__message--notice\" role=\"alert\">\n\t\t\t<svg  class=\"tribe-common-c-svgicon tribe-common-c-svgicon--messages-not-found tribe-events-c-messages__message-icon-svg\"  viewBox=\"0 0 21 23\" xmlns=\"http:\/\/www.w3.org\/2000\/svg\"><g fill-rule=\"evenodd\"><path d=\"M.5 2.5h20v20H.5z\"\/><path stroke-linecap=\"round\" d=\"M7.583 11.583l5.834 5.834m0-5.834l-5.834 5.834\" class=\"tribe-common-c-svgicon__svg-stroke\"\/><path stroke-linecap=\"round\" d=\"M4.5.5v4m12-4v4\"\/><path stroke-linecap=\"square\" d=\"M.5 7.5h20\"\/><\/g><\/svg>\n\t\t\t<ul class=\"tribe-events-c-messages__message-list\" role=\"alert\" aria-live=\"polite\">\n\t\t\t\t\t\t\t\t\t<li\n\t\t\t\t\t\tclass=\"tribe-events-c-messages__message-list-item\"\n\t\t\t\t\t\t data-key=\"0\" \t\t\t\t\t>\n\t\t\t\t\tThere are no upcoming events.\t\t\t\t\t<\/li>\n\t\t\t\t\t\t\t<\/ul>\n\t\t<\/div>\n\t<\/div>\n\n\t\t\t\t\t<\/div>\n\t<\/div>\n<\/div>\n<script data-js='tribe-events-view-nonce-data' type='application\/json'>{\"_tec_view_rest_nonce_primary\":\"46b7d96573\",\"_tec_view_rest_nonce_secondary\":\"\"}<\/script>\n\n\n\n<figure class=\"wp-block-image size-full\"><img loading=\"lazy\" decoding=\"async\" width=\"861\" height=\"1024\" src=\"https:\/\/yachttesia.pl\/wp-content\/uploads\/2026\/04\/z-datami.jpg\" alt=\"\" class=\"wp-image-210\" srcset=\"https:\/\/yachttesia.pl\/wp-content\/uploads\/2026\/04\/z-datami.jpg 861w, https:\/\/yachttesia.pl\/wp-content\/uploads\/2026\/04\/z-datami-252x300.jpg 252w, https:\/\/yachttesia.pl\/wp-content\/uploads\/2026\/04\/z-datami-768x913.jpg 768w\" sizes=\"auto, (max-width: 861px) 100vw, 861px\" \/><\/figure>\n\n\n\n<figure class=\"wp-block-image size-large\"><img loading=\"lazy\" decoding=\"async\" width=\"1024\" height=\"749\" src=\"https:\/\/yachttesia.pl\/wp-content\/uploads\/2026\/04\/Plan-na-strone-2026-new-1024x749.jpg\" alt=\"\" class=\"wp-image-211\" srcset=\"https:\/\/yachttesia.pl\/wp-content\/uploads\/2026\/04\/Plan-na-strone-2026-new-1024x749.jpg 1024w, https:\/\/yachttesia.pl\/wp-content\/uploads\/2026\/04\/Plan-na-strone-2026-new-300x219.jpg 300w, https:\/\/yachttesia.pl\/wp-content\/uploads\/2026\/04\/Plan-na-strone-2026-new-768x562.jpg 768w, https:\/\/yachttesia.pl\/wp-content\/uploads\/2026\/04\/Plan-na-strone-2026-new-1536x1123.jpg 1536w, https:\/\/yachttesia.pl\/wp-content\/uploads\/2026\/04\/Plan-na-strone-2026-new.jpg 1742w\" sizes=\"auto, (max-width: 1024px) 100vw, 1024px\" \/><\/figure>\n\n\n\n<p><\/p>\n","protected":false},"excerpt":{"rendered":"<p>ZNOWU P\u0141YNIEMY!Zapraszam na pok\u0142ad s\/y Tesia, prywatnego dobrze wyposa\u017conego jachtu wyprawowego Roberts 44 Offsohore (Bruceo). Jacht jest nasz, a zarz\u0105dzany jest przez te\u017c \u201enasze\u201d Stowarzyszenie \u201eMorskie Wyprawy\u201dStartujemy z Dar\u0142owa 23 [&hellip;]<\/p>\n","protected":false},"author":1,"featured_media":0,"parent":0,"menu_order":0,"comment_status":"closed","ping_status":"closed","template":"","meta":{"_monsterinsights_skip_tracking":false,"_monsterinsights_sitenote_active":false,"_monsterinsights_sitenote_note":"","_monsterinsights_sitenote_category":0,"_price":"","_stock":"","_tribe_ticket_header":"","_tribe_default_ticket_provider":"","_tribe_ticket_capacity":"0","_ticket_start_date":"","_ticket_end_date":"","_tribe_ticket_show_description":"","_tribe_ticket_show_not_going":false,"_tribe_ticket_use_global_stock":"","_tribe_ticket_global_stock_level":"","_global_stock_mode":"","_global_stock_cap":"","_tribe_rsvp_for_event":"","_tribe_ticket_going_count":"","_tribe_ticket_not_going_count":"","_tribe_tickets_list":"[]","_tribe_ticket_has_attendee_info_fields":false,"_EventAllDay":false,"_EventTimezone":"","_EventStartDate":"","_EventEndDate":"","_EventStartDateUTC":"","_EventEndDateUTC":"","_EventShowMap":false,"_EventShowMapLink":false,"_EventURL":"","_EventCost":"","_EventCostDescription":"","_EventCurrencySymbol":"","_EventCurrencyCode":"","_EventCurrencyPosition":"","_EventDateTimeSeparator":"","_EventTimeRangeSeparator":"","_EventOrganizerID":[],"_EventVenueID":[],"_OrganizerEmail":"","_OrganizerPhone":"","_OrganizerWebsite":"","_VenueAddress":"","_VenueCity":"","_VenueCountry":"","_VenueProvince":"","_VenueState":"","_VenueZip":"","_VenuePhone":"","_VenueURL":"","_VenueStateProvince":"","_VenueLat":"","_VenueLng":"","_VenueShowMap":false,"_VenueShowMapLink":false,"footnotes":"","_tec_slr_enabled":"","_tec_slr_layout":""},"class_list":["post-20","page","type-page","status-publish","hentry"],"yoast_head":"<!-- This site is optimized with the Yoast SEO plugin v24.6 - https:\/\/yoast.com\/wordpress\/plugins\/seo\/ -->\n<title>Wyprawa 2026 - Jacht Tesia<\/title>\n<meta name=\"robots\" content=\"index, follow, max-snippet:-1, max-image-preview:large, max-video-preview:-1\" \/>\n<link rel=\"canonical\" href=\"https:\/\/yachttesia.pl\/?page_id=20\" \/>\n<meta property=\"og:locale\" content=\"pl_PL\" \/>\n<meta property=\"og:type\" content=\"article\" \/>\n<meta property=\"og:title\" content=\"Wyprawa 2026 - Jacht Tesia\" \/>\n<meta property=\"og:description\" content=\"ZNOWU P\u0141YNIEMY!Zapraszam na pok\u0142ad s\/y Tesia, prywatnego dobrze wyposa\u017conego jachtu wyprawowego Roberts 44 Offsohore (Bruceo). Jacht jest nasz, a zarz\u0105dzany jest przez te\u017c \u201enasze\u201d Stowarzyszenie \u201eMorskie Wyprawy\u201dStartujemy z Dar\u0142owa 23 [&hellip;]\" \/>\n<meta property=\"og:url\" content=\"https:\/\/yachttesia.pl\/?page_id=20\" \/>\n<meta property=\"og:site_name\" content=\"Jacht Tesia\" \/>\n<meta property=\"article:publisher\" content=\"https:\/\/www.facebook.com\/profile.php?id=61559867152986\" \/>\n<meta property=\"article:modified_time\" content=\"2026-04-02T16:04:50+00:00\" \/>\n<meta property=\"og:image\" content=\"https:\/\/yachttesia.pl\/wp-content\/uploads\/2026\/04\/z-datami.jpg\" \/>\n\t<meta property=\"og:image:width\" content=\"861\" \/>\n\t<meta property=\"og:image:height\" content=\"1024\" \/>\n\t<meta property=\"og:image:type\" content=\"image\/jpeg\" \/>\n<meta name=\"twitter:card\" content=\"summary_large_image\" \/>\n<meta name=\"twitter:label1\" content=\"Szacowany czas czytania\" \/>\n\t<meta name=\"twitter:data1\" content=\"1 minuta\" \/>\n<script type=\"application\/ld+json\" class=\"yoast-schema-graph\">{\"@context\":\"https:\/\/schema.org\",\"@graph\":[{\"@type\":\"WebPage\",\"@id\":\"https:\/\/yachttesia.pl\/?page_id=20\",\"url\":\"https:\/\/yachttesia.pl\/?page_id=20\",\"name\":\"Wyprawa 2026 - Jacht Tesia\",\"isPartOf\":{\"@id\":\"https:\/\/yachttesia.pl\/#website\"},\"primaryImageOfPage\":{\"@id\":\"https:\/\/yachttesia.pl\/?page_id=20#primaryimage\"},\"image\":{\"@id\":\"https:\/\/yachttesia.pl\/?page_id=20#primaryimage\"},\"thumbnailUrl\":\"https:\/\/yachttesia.pl\/wp-content\/uploads\/2026\/04\/z-datami.jpg\",\"datePublished\":\"2025-02-12T22:40:50+00:00\",\"dateModified\":\"2026-04-02T16:04:50+00:00\",\"breadcrumb\":{\"@id\":\"https:\/\/yachttesia.pl\/?page_id=20#breadcrumb\"},\"inLanguage\":\"pl-PL\",\"potentialAction\":[{\"@type\":\"ReadAction\",\"target\":[\"https:\/\/yachttesia.pl\/?page_id=20\"]}]},{\"@type\":\"ImageObject\",\"inLanguage\":\"pl-PL\",\"@id\":\"https:\/\/yachttesia.pl\/?page_id=20#primaryimage\",\"url\":\"https:\/\/yachttesia.pl\/wp-content\/uploads\/2026\/04\/z-datami.jpg\",\"contentUrl\":\"https:\/\/yachttesia.pl\/wp-content\/uploads\/2026\/04\/z-datami.jpg\",\"width\":861,\"height\":1024},{\"@type\":\"BreadcrumbList\",\"@id\":\"https:\/\/yachttesia.pl\/?page_id=20#breadcrumb\",\"itemListElement\":[{\"@type\":\"ListItem\",\"position\":1,\"name\":\"Strona g\u0142\u00f3wna\",\"item\":\"https:\/\/yachttesia.pl\/\"},{\"@type\":\"ListItem\",\"position\":2,\"name\":\"Wyprawa 2026\"}]},{\"@type\":\"WebSite\",\"@id\":\"https:\/\/yachttesia.pl\/#website\",\"url\":\"https:\/\/yachttesia.pl\/\",\"name\":\"S\/Y Tesia\",\"description\":\"wyprawa morska na s\/y Tesi\",\"publisher\":{\"@id\":\"https:\/\/yachttesia.pl\/#organization\"},\"alternateName\":\"stowarzyszenie wyprawy morskie - zeglarstwo\",\"potentialAction\":[{\"@type\":\"SearchAction\",\"target\":{\"@type\":\"EntryPoint\",\"urlTemplate\":\"https:\/\/yachttesia.pl\/?s={search_term_string}\"},\"query-input\":{\"@type\":\"PropertyValueSpecification\",\"valueRequired\":true,\"valueName\":\"search_term_string\"}}],\"inLanguage\":\"pl-PL\"},{\"@type\":\"Organization\",\"@id\":\"https:\/\/yachttesia.pl\/#organization\",\"name\":\"Stowarzyszenie Wyprawy Morskie\",\"url\":\"https:\/\/yachttesia.pl\/\",\"logo\":{\"@type\":\"ImageObject\",\"inLanguage\":\"pl-PL\",\"@id\":\"https:\/\/yachttesia.pl\/#\/schema\/logo\/image\/\",\"url\":\"https:\/\/yachttesia.pl\/wp-content\/uploads\/2025\/02\/logo.jpeg\",\"contentUrl\":\"https:\/\/yachttesia.pl\/wp-content\/uploads\/2025\/02\/logo.jpeg\",\"width\":1177,\"height\":834,\"caption\":\"Stowarzyszenie Wyprawy Morskie\"},\"image\":{\"@id\":\"https:\/\/yachttesia.pl\/#\/schema\/logo\/image\/\"},\"sameAs\":[\"https:\/\/www.facebook.com\/profile.php?id=61559867152986\"]}]}<\/script>\n<!-- \/ Yoast SEO plugin. -->","yoast_head_json":{"title":"Wyprawa 2026 - Jacht Tesia","robots":{"index":"index","follow":"follow","max-snippet":"max-snippet:-1","max-image-preview":"max-image-preview:large","max-video-preview":"max-video-preview:-1"},"canonical":"https:\/\/yachttesia.pl\/?page_id=20","og_locale":"pl_PL","og_type":"article","og_title":"Wyprawa 2026 - Jacht Tesia","og_description":"ZNOWU P\u0141YNIEMY!Zapraszam na pok\u0142ad s\/y Tesia, prywatnego dobrze wyposa\u017conego jachtu wyprawowego Roberts 44 Offsohore (Bruceo). Jacht jest nasz, a zarz\u0105dzany jest przez te\u017c \u201enasze\u201d Stowarzyszenie \u201eMorskie Wyprawy\u201dStartujemy z Dar\u0142owa 23 [&hellip;]","og_url":"https:\/\/yachttesia.pl\/?page_id=20","og_site_name":"Jacht Tesia","article_publisher":"https:\/\/www.facebook.com\/profile.php?id=61559867152986","article_modified_time":"2026-04-02T16:04:50+00:00","og_image":[{"width":861,"height":1024,"url":"https:\/\/yachttesia.pl\/wp-content\/uploads\/2026\/04\/z-datami.jpg","type":"image\/jpeg"}],"twitter_card":"summary_large_image","twitter_misc":{"Szacowany czas czytania":"1 minuta"},"schema":{"@context":"https:\/\/schema.org","@graph":[{"@type":"WebPage","@id":"https:\/\/yachttesia.pl\/?page_id=20","url":"https:\/\/yachttesia.pl\/?page_id=20","name":"Wyprawa 2026 - Jacht Tesia","isPartOf":{"@id":"https:\/\/yachttesia.pl\/#website"},"primaryImageOfPage":{"@id":"https:\/\/yachttesia.pl\/?page_id=20#primaryimage"},"image":{"@id":"https:\/\/yachttesia.pl\/?page_id=20#primaryimage"},"thumbnailUrl":"https:\/\/yachttesia.pl\/wp-content\/uploads\/2026\/04\/z-datami.jpg","datePublished":"2025-02-12T22:40:50+00:00","dateModified":"2026-04-02T16:04:50+00:00","breadcrumb":{"@id":"https:\/\/yachttesia.pl\/?page_id=20#breadcrumb"},"inLanguage":"pl-PL","potentialAction":[{"@type":"ReadAction","target":["https:\/\/yachttesia.pl\/?page_id=20"]}]},{"@type":"ImageObject","inLanguage":"pl-PL","@id":"https:\/\/yachttesia.pl\/?page_id=20#primaryimage","url":"https:\/\/yachttesia.pl\/wp-content\/uploads\/2026\/04\/z-datami.jpg","contentUrl":"https:\/\/yachttesia.pl\/wp-content\/uploads\/2026\/04\/z-datami.jpg","width":861,"height":1024},{"@type":"BreadcrumbList","@id":"https:\/\/yachttesia.pl\/?page_id=20#breadcrumb","itemListElement":[{"@type":"ListItem","position":1,"name":"Strona g\u0142\u00f3wna","item":"https:\/\/yachttesia.pl\/"},{"@type":"ListItem","position":2,"name":"Wyprawa 2026"}]},{"@type":"WebSite","@id":"https:\/\/yachttesia.pl\/#website","url":"https:\/\/yachttesia.pl\/","name":"S\/Y Tesia","description":"wyprawa morska na s\/y Tesi","publisher":{"@id":"https:\/\/yachttesia.pl\/#organization"},"alternateName":"stowarzyszenie wyprawy morskie - zeglarstwo","potentialAction":[{"@type":"SearchAction","target":{"@type":"EntryPoint","urlTemplate":"https:\/\/yachttesia.pl\/?s={search_term_string}"},"query-input":{"@type":"PropertyValueSpecification","valueRequired":true,"valueName":"search_term_string"}}],"inLanguage":"pl-PL"},{"@type":"Organization","@id":"https:\/\/yachttesia.pl\/#organization","name":"Stowarzyszenie Wyprawy Morskie","url":"https:\/\/yachttesia.pl\/","logo":{"@type":"ImageObject","inLanguage":"pl-PL","@id":"https:\/\/yachttesia.pl\/#\/schema\/logo\/image\/","url":"https:\/\/yachttesia.pl\/wp-content\/uploads\/2025\/02\/logo.jpeg","contentUrl":"https:\/\/yachttesia.pl\/wp-content\/uploads\/2025\/02\/logo.jpeg","width":1177,"height":834,"caption":"Stowarzyszenie Wyprawy Morskie"},"image":{"@id":"https:\/\/yachttesia.pl\/#\/schema\/logo\/image\/"},"sameAs":["https:\/\/www.facebook.com\/profile.php?id=61559867152986"]}]}},"ticketed":false,"_links":{"self":[{"href":"https:\/\/yachttesia.pl\/index.php?rest_route=\/wp\/v2\/pages\/20","targetHints":{"allow":["GET"]}}],"collection":[{"href":"https:\/\/yachttesia.pl\/index.php?rest_route=\/wp\/v2\/pages"}],"about":[{"href":"https:\/\/yachttesia.pl\/index.php?rest_route=\/wp\/v2\/types\/page"}],"author":[{"embeddable":true,"href":"https:\/\/yachttesia.pl\/index.php?rest_route=\/wp\/v2\/users\/1"}],"replies":[{"embeddable":true,"href":"https:\/\/yachttesia.pl\/index.php?rest_route=%2Fwp%2Fv2%2Fcomments&post=20"}],"version-history":[{"count":26,"href":"https:\/\/yachttesia.pl\/index.php?rest_route=\/wp\/v2\/pages\/20\/revisions"}],"predecessor-version":[{"id":212,"href":"https:\/\/yachttesia.pl\/index.php?rest_route=\/wp\/v2\/pages\/20\/revisions\/212"}],"wp:attachment":[{"href":"https:\/\/yachttesia.pl\/index.php?rest_route=%2Fwp%2Fv2%2Fmedia&parent=20"}],"curies":[{"name":"wp","href":"https:\/\/api.w.org\/{rel}","templated":true}]}}