{"id":81,"date":"2025-02-16T17:51:54","date_gmt":"2025-02-16T16:51:54","guid":{"rendered":"https:\/\/yachttesia.pl\/?page_id=81"},"modified":"2025-03-03T13:59:03","modified_gmt":"2025-03-03T12:59:03","slug":"o-nas","status":"publish","type":"page","link":"https:\/\/yachttesia.pl\/?page_id=81","title":{"rendered":"Co zabra\u0107 na rejs"},"content":{"rendered":"\n<p><\/p>\n\n\n\n<pre class=\"wp-block-preformatted has-system-font-font-family\">Co zabra\u0107 na rejs? Mam swoj\u0105 check-list\u0119, oczywi\u015bcie nie ka\u017cdy musi zabiera\u0107 dok\u0142adnie to co w poni\u017cszym opisie, ale mamy nadziej\u0119 ze lista b\u0119dzie pomocna w spakowaniu niezb\u0119dnych rzeczy. Spakowa\u0107 si\u0119 nale\u017cy w mi\u0119kk\u0105 torb\u0119, worek \u017ceglarski kt\u00f3ry po wypakowaniu nie b\u0119dzie zajmowa\u0142 miejsca. Sztywne walizki wykluczone. Nie b\u0119dzie ich gdzie wepchn\u0105\u0107 na jachcie.<\/pre>\n\n\n\n<ul class=\"wp-block-list\">\n<li>dokumenty osobiste: dow\u00f3d osobisty lub paszport \u2013 Uwaga! Pami\u0119taj \u017ce poza UE tylko paszport!- sprawd\u017a termin ich wa\u017cno\u015bci!<\/li>\n\n\n\n<li>polisa ubezpieczeniowa- wariant dostosowany do rejonu \u017ceglugi.<\/li>\n\n\n\n<li>karta ubezpieczenia EKUZ<\/li>\n\n\n\n<li>bilety lotnicze, wizy itp.<\/li>\n\n\n\n<li>DOBRZE JEST POSIADA\u0106 W CHMURZE SKANY POWY\u017bSZYCH DOKUMENT\u00d3W<\/li>\n\n\n\n<li>got\u00f3wka karta p\u0142atnicza , kredytowa<\/li>\n\n\n\n<li>sztormiak (nieprzemakalna kurtka z kapturem, spodnie)<\/li>\n\n\n\n<li>ksi\u0105\u017ceczka \u017ceglarska, patent, po\u015bwiadczenie posiadanych uprawnie\u0144 (np. SRC) (o ile kto\u015b je posiada)<\/li>\n\n\n\n<li>telefon ( posiadaj\u0105cy aktywny roaming)\u00a0 \u0142adowarka- na 220 i na 12V<\/li>\n\n\n\n<li>\u00a0latarka czo\u0142\u00f3wka: optymalnie z opcj\u0105 \u015bwiecenia na czerwono na wachty nocne, o jakim\u015b stopniu wodoodporno\u015bci<\/li>\n\n\n\n<li>\u00a0tablet, laptop je\u017celi jest niezb\u0119dny<\/li>\n\n\n\n<li>\u00a0stosowane na sta\u0142e lekarstwa w odpowiednim zapasie, w szczelnym opakowaniu, jakie\u015b przylepce, podstawowe opatrunki, niekoniecznie (apteczka jest na jachcie<\/li>\n\n\n\n<li>zgoda rodzic\u00f3w\/opiekun\u00f3w prawnych na udzia\u0142 w rejsie (dotyczy os\u00f3b niepe\u0142noletnich)<\/li>\n\n\n\n<li>kalosze: \u017ceglarskie, czyli z niebrudz\u0105c\u0105 na czarno podeszw\u0105, dost\u0119pne ze niedu\u017ce lub bardzo du\u017ce pieni\u0105dze wg uznania<\/li>\n\n\n\n<li>jedna para obuwia sportowego, trekkingowego, sanda\u0142y \u2013 zale\u017cnie od upodoba\u0144<\/li>\n\n\n\n<li>klapki pod prysznic<\/li>\n\n\n\n<li>\u015bpiw\u00f3r dostosowany grubo\u015bci\u0105 do pory roku i rejonu \u017ceglugi<\/li>\n\n\n\n<li>dwa swetry lub polary, ciep\u0142a bluza wg uznania<\/li>\n\n\n\n<li>dwie-trzy pary spodni (d\u0142ugie i kr\u00f3tkie)- dobrze je\u017celi s\u0105 turystyczne, szybkoschn\u0105ce)<\/li>\n\n\n\n<li>cie\u0144sze bluzy lub koszule flanelowe koszulki (T-shirt) wg uznania<\/li>\n\n\n\n<li>komin lub szalik na szyj\u0119<\/li>\n\n\n\n<li>bielizna osobista \u2013 ilo\u015b\u0107 w zale\u017cno\u015bci od d\u0142ugo\u015bci rejsu. Uwaga: nie zawsze jest mo\u017cliwo\u015b\u0107\/warunki do zrobienia prania<\/li>\n\n\n\n<li>ciep\u0142e, grube skarpety do kaloszy na nocne wachty 2-3 pary zazwyczaj wystarcz\u0105<\/li>\n\n\n\n<li>\u201ezwyk\u0142e\u201d skarpety ( w odpowiedniej ilo\u015bci)<\/li>\n\n\n\n<li>ciep\u0142e r\u0119kawiczki polarowe, lub nieprzemakalne z membran\u0105 (za wyj\u0105tkiem kilku modeli czo\u0142owych firm i tak przemokn\u0105)<\/li>\n\n\n\n<li>ciep\u0142a czapka<\/li>\n\n\n\n<li>czapka przeciws\u0142oneczna z daszkiem<\/li>\n\n\n\n<li>bielizna termoaktywna- idealna jest z we\u0142ny merynosa, kalesony, getry lub spodnie polarowe (wg uznania)\u2013 pod sztormiak \u2013 przydadz\u0105 si\u0119 nawet latem<\/li>\n\n\n\n<li>r\u0119cznik\/r\u0119czniki- optymalnie szybkoschn\u0105ce turystyczne<\/li>\n\n\n\n<li>kosmetyczka z ca\u0142ym wyposa\u017ceniem \u00a0<\/li>\n\n\n\n<li>wygodne s\u0105 nawil\u017cane chusteczki higieniczne- dobrze je\u017celi s\u0105 biodegradowalne, bez plastiku<\/li>\n\n\n\n<li>okulary przeciws\u0142oneczne koniecznie<\/li>\n\n\n\n<li>krem z wysokim filtrem UV<\/li>\n\n\n\n<li>sznureczki do okular\u00f3w, do czapki z daszkiem- do czapki sprawdzaj\u0105 si\u0119 \u201esmycze konferencyjne\u201d do identyfikator\u00f3w<\/li>\n\n\n\n<li>zapasowa para okular\u00f3w korekcyjnych je\u017celi posiadasz<\/li>\n\n\n\n<li>aparat fotograficzny, akumulatorki, \u0142adowarka, karty pami\u0119ci, kabel USB<\/li>\n\n\n\n<li>co\u015b do czytania lub czytnik ebook\u00f3w<\/li>\n\n\n\n<li>str\u00f3j k\u0105pielowy<\/li>\n\n\n\n<li>Kubek termiczny<\/li>\n<\/ul>\n","protected":false},"excerpt":{"rendered":"<p>Co zabra\u0107 na rejs? Mam swoj\u0105 check-list\u0119, oczywi\u015bcie nie ka\u017cdy musi zabiera\u0107 dok\u0142adnie to co w poni\u017cszym opisie, ale mamy nadziej\u0119 ze lista b\u0119dzie pomocna w spakowaniu niezb\u0119dnych rzeczy. Spakowa\u0107 [&hellip;]<\/p>\n","protected":false},"author":1,"featured_media":0,"parent":0,"menu_order":0,"comment_status":"closed","ping_status":"closed","template":"","meta":{"_monsterinsights_skip_tracking":false,"_monsterinsights_sitenote_active":false,"_monsterinsights_sitenote_note":"","_monsterinsights_sitenote_category":0,"_price":"","_stock":"","_tribe_ticket_header":"","_tribe_default_ticket_provider":"","_tribe_ticket_capacity":"0","_ticket_start_date":"","_ticket_end_date":"","_tribe_ticket_show_description":"","_tribe_ticket_show_not_going":false,"_tribe_ticket_use_global_stock":"","_tribe_ticket_global_stock_level":"","_global_stock_mode":"","_global_stock_cap":"","_tribe_rsvp_for_event":"","_tribe_ticket_going_count":"","_tribe_ticket_not_going_count":"","_tribe_tickets_list":"[]","_tribe_ticket_has_attendee_info_fields":false,"_EventAllDay":false,"_EventTimezone":"","_EventStartDate":"","_EventEndDate":"","_EventStartDateUTC":"","_EventEndDateUTC":"","_EventShowMap":false,"_EventShowMapLink":false,"_EventURL":"","_EventCost":"","_EventCostDescription":"","_EventCurrencySymbol":"","_EventCurrencyCode":"","_EventCurrencyPosition":"","_EventDateTimeSeparator":"","_EventTimeRangeSeparator":"","_EventOrganizerID":[],"_EventVenueID":[],"_OrganizerEmail":"","_OrganizerPhone":"","_OrganizerWebsite":"","_VenueAddress":"","_VenueCity":"","_VenueCountry":"","_VenueProvince":"","_VenueState":"","_VenueZip":"","_VenuePhone":"","_VenueURL":"","_VenueStateProvince":"","_VenueLat":"","_VenueLng":"","_VenueShowMap":false,"_VenueShowMapLink":false,"footnotes":"","_tec_slr_enabled":"","_tec_slr_layout":""},"class_list":["post-81","page","type-page","status-publish","hentry"],"yoast_head":"<!-- This site is optimized with the Yoast SEO plugin v24.6 - https:\/\/yoast.com\/wordpress\/plugins\/seo\/ -->\n<title>Co zabra\u0107 na rejs - Jacht Tesia<\/title>\n<meta name=\"description\" content=\"check-lista rzeczy na rejs\" \/>\n<meta name=\"robots\" content=\"index, follow, max-snippet:-1, max-image-preview:large, max-video-preview:-1\" \/>\n<link rel=\"canonical\" href=\"https:\/\/yachttesia.pl\/?page_id=81\" \/>\n<meta property=\"og:locale\" content=\"pl_PL\" \/>\n<meta property=\"og:type\" content=\"article\" \/>\n<meta property=\"og:title\" content=\"Co zabra\u0107 na rejs - Jacht Tesia\" \/>\n<meta property=\"og:description\" content=\"check-lista rzeczy na rejs\" \/>\n<meta property=\"og:url\" content=\"https:\/\/yachttesia.pl\/?page_id=81\" \/>\n<meta property=\"og:site_name\" content=\"Jacht Tesia\" \/>\n<meta property=\"article:publisher\" content=\"https:\/\/www.facebook.com\/profile.php?id=61559867152986\" \/>\n<meta property=\"article:modified_time\" content=\"2025-03-03T12:59:03+00:00\" \/>\n<meta property=\"og:image\" content=\"https:\/\/yachttesia.pl\/wp-content\/uploads\/2025\/02\/logo.jpeg\" \/>\n\t<meta property=\"og:image:width\" content=\"1177\" \/>\n\t<meta property=\"og:image:height\" content=\"834\" \/>\n\t<meta property=\"og:image:type\" content=\"image\/jpeg\" \/>\n<meta name=\"twitter:card\" content=\"summary_large_image\" \/>\n<meta name=\"twitter:label1\" content=\"Szacowany czas czytania\" \/>\n\t<meta name=\"twitter:data1\" content=\"3 minuty\" \/>\n<script type=\"application\/ld+json\" class=\"yoast-schema-graph\">{\"@context\":\"https:\/\/schema.org\",\"@graph\":[{\"@type\":\"WebPage\",\"@id\":\"https:\/\/yachttesia.pl\/?page_id=81\",\"url\":\"https:\/\/yachttesia.pl\/?page_id=81\",\"name\":\"Co zabra\u0107 na rejs - Jacht Tesia\",\"isPartOf\":{\"@id\":\"https:\/\/yachttesia.pl\/#website\"},\"datePublished\":\"2025-02-16T16:51:54+00:00\",\"dateModified\":\"2025-03-03T12:59:03+00:00\",\"description\":\"check-lista rzeczy na rejs\",\"breadcrumb\":{\"@id\":\"https:\/\/yachttesia.pl\/?page_id=81#breadcrumb\"},\"inLanguage\":\"pl-PL\",\"potentialAction\":[{\"@type\":\"ReadAction\",\"target\":[\"https:\/\/yachttesia.pl\/?page_id=81\"]}]},{\"@type\":\"BreadcrumbList\",\"@id\":\"https:\/\/yachttesia.pl\/?page_id=81#breadcrumb\",\"itemListElement\":[{\"@type\":\"ListItem\",\"position\":1,\"name\":\"Strona g\u0142\u00f3wna\",\"item\":\"https:\/\/yachttesia.pl\/\"},{\"@type\":\"ListItem\",\"position\":2,\"name\":\"Co zabra\u0107 na rejs\"}]},{\"@type\":\"WebSite\",\"@id\":\"https:\/\/yachttesia.pl\/#website\",\"url\":\"https:\/\/yachttesia.pl\/\",\"name\":\"S\/Y Tesia\",\"description\":\"wyprawa morska na s\/y Tesi\",\"publisher\":{\"@id\":\"https:\/\/yachttesia.pl\/#organization\"},\"alternateName\":\"stowarzyszenie wyprawy morskie - zeglarstwo\",\"potentialAction\":[{\"@type\":\"SearchAction\",\"target\":{\"@type\":\"EntryPoint\",\"urlTemplate\":\"https:\/\/yachttesia.pl\/?s={search_term_string}\"},\"query-input\":{\"@type\":\"PropertyValueSpecification\",\"valueRequired\":true,\"valueName\":\"search_term_string\"}}],\"inLanguage\":\"pl-PL\"},{\"@type\":\"Organization\",\"@id\":\"https:\/\/yachttesia.pl\/#organization\",\"name\":\"Stowarzyszenie Wyprawy Morskie\",\"url\":\"https:\/\/yachttesia.pl\/\",\"logo\":{\"@type\":\"ImageObject\",\"inLanguage\":\"pl-PL\",\"@id\":\"https:\/\/yachttesia.pl\/#\/schema\/logo\/image\/\",\"url\":\"https:\/\/yachttesia.pl\/wp-content\/uploads\/2025\/02\/logo.jpeg\",\"contentUrl\":\"https:\/\/yachttesia.pl\/wp-content\/uploads\/2025\/02\/logo.jpeg\",\"width\":1177,\"height\":834,\"caption\":\"Stowarzyszenie Wyprawy Morskie\"},\"image\":{\"@id\":\"https:\/\/yachttesia.pl\/#\/schema\/logo\/image\/\"},\"sameAs\":[\"https:\/\/www.facebook.com\/profile.php?id=61559867152986\"]}]}<\/script>\n<!-- \/ Yoast SEO plugin. -->","yoast_head_json":{"title":"Co zabra\u0107 na rejs - Jacht Tesia","description":"check-lista rzeczy na rejs","robots":{"index":"index","follow":"follow","max-snippet":"max-snippet:-1","max-image-preview":"max-image-preview:large","max-video-preview":"max-video-preview:-1"},"canonical":"https:\/\/yachttesia.pl\/?page_id=81","og_locale":"pl_PL","og_type":"article","og_title":"Co zabra\u0107 na rejs - Jacht Tesia","og_description":"check-lista rzeczy na rejs","og_url":"https:\/\/yachttesia.pl\/?page_id=81","og_site_name":"Jacht Tesia","article_publisher":"https:\/\/www.facebook.com\/profile.php?id=61559867152986","article_modified_time":"2025-03-03T12:59:03+00:00","og_image":[{"width":1177,"height":834,"url":"https:\/\/yachttesia.pl\/wp-content\/uploads\/2025\/02\/logo.jpeg","type":"image\/jpeg"}],"twitter_card":"summary_large_image","twitter_misc":{"Szacowany czas czytania":"3 minuty"},"schema":{"@context":"https:\/\/schema.org","@graph":[{"@type":"WebPage","@id":"https:\/\/yachttesia.pl\/?page_id=81","url":"https:\/\/yachttesia.pl\/?page_id=81","name":"Co zabra\u0107 na rejs - Jacht Tesia","isPartOf":{"@id":"https:\/\/yachttesia.pl\/#website"},"datePublished":"2025-02-16T16:51:54+00:00","dateModified":"2025-03-03T12:59:03+00:00","description":"check-lista rzeczy na rejs","breadcrumb":{"@id":"https:\/\/yachttesia.pl\/?page_id=81#breadcrumb"},"inLanguage":"pl-PL","potentialAction":[{"@type":"ReadAction","target":["https:\/\/yachttesia.pl\/?page_id=81"]}]},{"@type":"BreadcrumbList","@id":"https:\/\/yachttesia.pl\/?page_id=81#breadcrumb","itemListElement":[{"@type":"ListItem","position":1,"name":"Strona g\u0142\u00f3wna","item":"https:\/\/yachttesia.pl\/"},{"@type":"ListItem","position":2,"name":"Co zabra\u0107 na rejs"}]},{"@type":"WebSite","@id":"https:\/\/yachttesia.pl\/#website","url":"https:\/\/yachttesia.pl\/","name":"S\/Y Tesia","description":"wyprawa morska na s\/y Tesi","publisher":{"@id":"https:\/\/yachttesia.pl\/#organization"},"alternateName":"stowarzyszenie wyprawy morskie - zeglarstwo","potentialAction":[{"@type":"SearchAction","target":{"@type":"EntryPoint","urlTemplate":"https:\/\/yachttesia.pl\/?s={search_term_string}"},"query-input":{"@type":"PropertyValueSpecification","valueRequired":true,"valueName":"search_term_string"}}],"inLanguage":"pl-PL"},{"@type":"Organization","@id":"https:\/\/yachttesia.pl\/#organization","name":"Stowarzyszenie Wyprawy Morskie","url":"https:\/\/yachttesia.pl\/","logo":{"@type":"ImageObject","inLanguage":"pl-PL","@id":"https:\/\/yachttesia.pl\/#\/schema\/logo\/image\/","url":"https:\/\/yachttesia.pl\/wp-content\/uploads\/2025\/02\/logo.jpeg","contentUrl":"https:\/\/yachttesia.pl\/wp-content\/uploads\/2025\/02\/logo.jpeg","width":1177,"height":834,"caption":"Stowarzyszenie Wyprawy Morskie"},"image":{"@id":"https:\/\/yachttesia.pl\/#\/schema\/logo\/image\/"},"sameAs":["https:\/\/www.facebook.com\/profile.php?id=61559867152986"]}]}},"ticketed":false,"_links":{"self":[{"href":"https:\/\/yachttesia.pl\/index.php?rest_route=\/wp\/v2\/pages\/81","targetHints":{"allow":["GET"]}}],"collection":[{"href":"https:\/\/yachttesia.pl\/index.php?rest_route=\/wp\/v2\/pages"}],"about":[{"href":"https:\/\/yachttesia.pl\/index.php?rest_route=\/wp\/v2\/types\/page"}],"author":[{"embeddable":true,"href":"https:\/\/yachttesia.pl\/index.php?rest_route=\/wp\/v2\/users\/1"}],"replies":[{"embeddable":true,"href":"https:\/\/yachttesia.pl\/index.php?rest_route=%2Fwp%2Fv2%2Fcomments&post=81"}],"version-history":[{"count":6,"href":"https:\/\/yachttesia.pl\/index.php?rest_route=\/wp\/v2\/pages\/81\/revisions"}],"predecessor-version":[{"id":165,"href":"https:\/\/yachttesia.pl\/index.php?rest_route=\/wp\/v2\/pages\/81\/revisions\/165"}],"wp:attachment":[{"href":"https:\/\/yachttesia.pl\/index.php?rest_route=%2Fwp%2Fv2%2Fmedia&parent=81"}],"curies":[{"name":"wp","href":"https:\/\/api.w.org\/{rel}","templated":true}]}}